{"id":171,"date":"2024-09-18T10:05:59","date_gmt":"2024-09-18T08:05:59","guid":{"rendered":"https:\/\/eddybonnin-plombierchauffagiste.fr\/?page_id=171"},"modified":"2025-08-05T15:10:08","modified_gmt":"2025-08-05T13:10:08","slug":"eddy-bonnin-plombier-chauffagiste-toulouse-devis-pas-cher","status":"publish","type":"page","link":"https:\/\/eddybonnin-plombierchauffagiste.fr\/index.php\/eddy-bonnin-plombier-chauffagiste-toulouse-devis-pas-cher\/","title":{"rendered":"Demander un Devis"},"content":{"rendered":"\t\t<div data-elementor-type=\"wp-page\" data-elementor-id=\"171\" class=\"elementor elementor-171\">\n\t\t\t\t<div class=\"elementor-element elementor-element-2f6f135 e-flex e-con-boxed e-con e-parent\" data-id=\"2f6f135\" data-element_type=\"container\" data-e-type=\"container\">\n\t\t\t\t\t<div class=\"e-con-inner\">\n\t\t\t\t<div class=\"elementor-element elementor-element-36f6be7 elementor-widget elementor-widget-heading\" data-id=\"36f6be7\" data-element_type=\"widget\" data-e-type=\"widget\" data-widget_type=\"heading.default\">\n\t\t\t\t<div class=\"elementor-widget-container\">\n\t\t\t\t\t<h2 class=\"elementor-heading-title elementor-size-default\">Devis gratuit en ligne<\/h2>\t\t\t\t<\/div>\n\t\t\t\t<\/div>\n\t\t\t\t\t<\/div>\n\t\t\t\t<\/div>\n\t\t<div class=\"elementor-element elementor-element-443b7cd e-flex e-con-boxed e-con e-parent\" data-id=\"443b7cd\" data-element_type=\"container\" data-e-type=\"container\">\n\t\t\t\t\t<div class=\"e-con-inner\">\n\t\t\t\t<div class=\"elementor-element elementor-element-0cb7117 elementor-widget elementor-widget-text-editor\" data-id=\"0cb7117\" data-element_type=\"widget\" data-e-type=\"widget\" data-widget_type=\"text-editor.default\">\n\t\t\t\t<div class=\"elementor-widget-container\">\n\t\t\t\t\t\t\t\t\t<p><strong>Entreprise agr\u00e9\u00e9e sp\u00e9cialis\u00e9e dans la plomberie, le chauffage et l\u2019assainissement.<\/strong><\/p>\t\t\t\t\t\t\t\t<\/div>\n\t\t\t\t<\/div>\n\t\t\t\t\t<\/div>\n\t\t\t\t<\/div>\n\t\t<div class=\"elementor-element elementor-element-ce7a475 e-flex e-con-boxed e-con e-parent\" data-id=\"ce7a475\" data-element_type=\"container\" data-e-type=\"container\">\n\t\t\t\t\t<div class=\"e-con-inner\">\n\t\t\t\t<div class=\"elementor-element elementor-element-9e16ec5 elementor-widget elementor-widget-heading\" data-id=\"9e16ec5\" data-element_type=\"widget\" data-e-type=\"widget\" data-widget_type=\"heading.default\">\n\t\t\t\t<div class=\"elementor-widget-container\">\n\t\t\t\t\t<h2 class=\"elementor-heading-title elementor-size-default\">Contact rapide et facile au   06 61 23 13 79<\/h2>\t\t\t\t<\/div>\n\t\t\t\t<\/div>\n\t\t\t\t\t<\/div>\n\t\t\t\t<\/div>\n\t\t<div class=\"elementor-element elementor-element-cf6f45d e-flex e-con-boxed e-con e-parent\" data-id=\"cf6f45d\" data-element_type=\"container\" data-e-type=\"container\">\n\t\t\t\t\t<div class=\"e-con-inner\">\n\t\t\t\t<div class=\"elementor-element elementor-element-8c419a5 elementor-widget elementor-widget-text-editor\" data-id=\"8c419a5\" data-element_type=\"widget\" data-e-type=\"widget\" data-widget_type=\"text-editor.default\">\n\t\t\t\t<div class=\"elementor-widget-container\">\n\t\t\t\t\t\t\t\t\t<p>D\u00e9couvrez nos tarifs &amp; services en termes de forfait et de produit \u00e0 installer. Aussi, notre notori\u00e9t\u00e9 et notre exp\u00e9rience nous permet de profiter des meilleurs tarifs plombier aupr\u00e8s de nos fournisseurs. Ainsi nous pouvons, gr\u00e2ce \u00e0 cela, \u00e9tablir les devis au tarifs plombier les plus avantageux pour nos clients. De plus, nous faisons attention \u00e0 n\u2019installer les pi\u00e8ces uniquement indispensable au bon fonctionnement de vos appareils.<\/p>\n<p>Par ailleurs, les choix strat\u00e9giques de nos fournisseurs et de nos partenaires est \u00e9tabli en fonction du meilleurs rapport qualit\u00e9\/prix. Il est vrai qu\u2019une intervention de plomberie ou de chauffage compliqu\u00e9e peut parfois s\u2019av\u00e9rer on\u00e9reuse. C\u2019est pourquoi il est important d\u2019avoir de bon rapport avec ses revendeur pour b\u00e9n\u00e9ficier de tarif plombier int\u00e9ressant.<\/p>\t\t\t\t\t\t\t\t<\/div>\n\t\t\t\t<\/div>\n\t\t\t\t\t<\/div>\n\t\t\t\t<\/div>\n\t\t<div class=\"elementor-element elementor-element-2b6e15c e-flex e-con-boxed e-con e-parent\" data-id=\"2b6e15c\" data-element_type=\"container\" data-e-type=\"container\">\n\t\t\t\t\t<div class=\"e-con-inner\">\n\t\t\t\t<div class=\"elementor-element elementor-element-18eb252 elementor-widget elementor-widget-heading\" data-id=\"18eb252\" data-element_type=\"widget\" data-e-type=\"widget\" data-widget_type=\"heading.default\">\n\t\t\t\t<div class=\"elementor-widget-container\">\n\t\t\t\t\t<h2 class=\"elementor-heading-title elementor-size-default\">Demandez votre devis en ligne gratuitement<\/h2>\t\t\t\t<\/div>\n\t\t\t\t<\/div>\n\t\t\t\t\t<\/div>\n\t\t\t\t<\/div>\n\t\t<div class=\"elementor-element elementor-element-c3fa5b7 e-flex e-con-boxed e-con e-parent\" data-id=\"c3fa5b7\" data-element_type=\"container\" data-e-type=\"container\">\n\t\t\t\t\t<div class=\"e-con-inner\">\n\t\t\t\t<div class=\"elementor-element elementor-element-3112270 elementor-widget elementor-widget-formidable\" data-id=\"3112270\" data-element_type=\"widget\" data-e-type=\"widget\" data-widget_type=\"formidable.default\">\n\t\t\t\t<div class=\"elementor-widget-container\">\n\t\t\t\t\t<div class=\"frm_forms  with_frm_style frm_style_style-formidable\" id=\"frm_form_1_container\" >\n<form enctype=\"multipart\/form-data\" method=\"post\" class=\"frm-show-form \" id=\"form_devis\" >\n<div class=\"frm_form_fields \">\n<fieldset>\n<legend class=\"frm_screen_reader\">Devis<\/legend>\n\n<div class=\"frm_fields_container\">\n<input type=\"hidden\" name=\"frm_action\" value=\"create\" \/>\n<input type=\"hidden\" name=\"form_id\" value=\"1\" \/>\n<input type=\"hidden\" name=\"frm_hide_fields_1\" id=\"frm_hide_fields_1\" value=\"\" \/>\n<input type=\"hidden\" name=\"form_key\" value=\"devis\" \/>\n<input type=\"hidden\" name=\"item_meta[0]\" value=\"\" \/>\n<input type=\"hidden\" id=\"frm_submit_entry_1\" name=\"frm_submit_entry_1\" value=\"11a6b14965\" \/><input type=\"hidden\" name=\"_wp_http_referer\" value=\"\/index.php\/wp-json\/wp\/v2\/pages\/171\" \/><div id=\"frm_field_1_container\" class=\"frm_form_field form-field  frm_required_field frm_none_container frm6 frm_first\">\n\t<label for=\"field_qh4icy\" id=\"field_qh4icy_label\" class=\"frm_primary_label\">Nom\n\t\t<span class=\"frm_required\" aria-hidden=\"true\"><\/span>\n\t<\/label>\n\t<input type=\"text\" id=\"field_qh4icy\" name=\"item_meta[1]\" value=\"\"  placeholder=\"Nom\" data-reqmsg=\"Nom ne peut pas \u00eatre vide.\" aria-required=\"true\" data-invmsg=\"Nom est non valide\" aria-invalid=\"false\"  \/>\n\t\n\t\n<\/div>\n<div id=\"frm_field_3_container\" class=\"frm_form_field form-field  frm_required_field frm_none_container frm6\">\n\t<label for=\"field_29yf4d\" id=\"field_29yf4d_label\" class=\"frm_primary_label\">Email\n\t\t<span class=\"frm_required\" aria-hidden=\"true\"><\/span>\n\t<\/label>\n\t<input type=\"email\" id=\"field_29yf4d\" name=\"item_meta[3]\" value=\"\"  placeholder=\"Email\" data-reqmsg=\"Email ne peut pas \u00eatre vide.\" aria-required=\"true\" data-invmsg=\"Please enter a valid email address\" aria-invalid=\"false\"  \/>\n\t\n\t\n<\/div>\n<div id=\"frm_field_5_container\" class=\"frm_form_field form-field  frm_required_field frm_none_container frm_full\">\n\t<label for=\"field_9jv0r1\" id=\"field_9jv0r1_label\" class=\"frm_primary_label\">Votre projet\n\t\t<span class=\"frm_required\" aria-hidden=\"true\"><\/span>\n\t<\/label>\n\t<textarea name=\"item_meta[5]\" id=\"field_9jv0r1\" rows=\"5\"  placeholder=\"Votre projet :\" data-reqmsg=\"Votre projet ne peut pas \u00eatre vide.\" aria-required=\"true\" data-invmsg=\"Votre projet is invalid\" aria-invalid=\"false\"  ><\/textarea>\n\t\n\t\n<\/div>\n<div id=\"frm_field_7_container\" class=\"frm_form_field form-field \">\n\t<div class=\"frm_submit frm_flex\">\n<button class=\"frm_button_submit\" type=\"submit\"  >Obtenir mon devis Gratuit<\/button>\n\n\n\n<\/div>\n<\/div>\n\t<input type=\"hidden\" name=\"item_key\" value=\"\" \/>\n\t\t\t\t<div class=\"frm__66e4149e748b7\">\n\t\t\t\t<label for=\"frm_email_1\" >\n\t\t\t\t\tIf you are human, leave this field blank.\t\t\t\t<\/label>\n\t\t\t\t<input  id=\"frm_email_1\" type=\"text\" class=\"frm_verify\" name=\"frm__66e4149e748b7\" value=\"\" autocomplete=\"off\"  \/>\n\t\t\t<\/div>\n\t\t<\/div>\n<\/fieldset>\n<\/div>\n<p style=\"display: none !important;\" class=\"akismet-fields-container\" data-prefix=\"ak_\"><label>&#916;<textarea name=\"ak_hp_textarea\" cols=\"45\" rows=\"8\" maxlength=\"100\"><\/textarea><\/label><input type=\"hidden\" id=\"ak_js_1\" name=\"ak_js\" value=\"192\"\/><script>document.getElementById( \"ak_js_1\" ).setAttribute( \"value\", ( new Date() ).getTime() );<\/script><\/p><\/form>\n<\/div>\n\t\t\t\t<\/div>\n\t\t\t\t<\/div>\n\t\t\t\t\t<\/div>\n\t\t\t\t<\/div>\n\t\t\t\t<\/div>\n\t\t","protected":false},"excerpt":{"rendered":"<p>Devis gratuit en ligne Entreprise agr\u00e9\u00e9e sp\u00e9cialis\u00e9e dans la plomberie, le chauffage et l\u2019assainissement. Contact rapide et facile au 06 61 23 13 79 D\u00e9couvrez nos tarifs &amp; services en termes de forfait et de produit \u00e0 installer. Aussi, notre notori\u00e9t\u00e9 et notre exp\u00e9rience nous permet de profiter des meilleurs tarifs plombier aupr\u00e8s de nos&#8230;<\/p>\n","protected":false},"author":1,"featured_media":0,"parent":0,"menu_order":0,"comment_status":"closed","ping_status":"closed","template":"","meta":{"footnotes":""},"class_list":["post-171","page","type-page","status-publish","hentry"],"yoast_head":"<!-- This site is optimized with the Yoast SEO plugin v23.4 - https:\/\/yoast.com\/wordpress\/plugins\/seo\/ -->\n<title>Devis Plombier chauffagiste Toulouse pas cher<\/title>\n<meta name=\"description\" content=\"Devis plombier chauffagiste expert. Installation, r\u00e9paration, d\u00e9pannage et entretien de plomberie. Service rapide et fiable \u00e0 Toulouse.\" \/>\n<meta name=\"robots\" content=\"index, follow, max-snippet:-1, max-image-preview:large, max-video-preview:-1\" \/>\n<link rel=\"canonical\" href=\"https:\/\/eddybonnin-plombierchauffagiste.fr\/index.php\/eddy-bonnin-plombier-chauffagiste-toulouse-devis-pas-cher\/\" \/>\n<meta property=\"og:locale\" content=\"en_US\" \/>\n<meta property=\"og:type\" content=\"article\" \/>\n<meta property=\"og:title\" content=\"Devis Plombier chauffagiste Toulouse pas cher\" \/>\n<meta property=\"og:description\" content=\"Devis plombier chauffagiste expert. Installation, r\u00e9paration, d\u00e9pannage et entretien de plomberie. Service rapide et fiable \u00e0 Toulouse.\" \/>\n<meta property=\"og:url\" content=\"https:\/\/eddybonnin-plombierchauffagiste.fr\/index.php\/eddy-bonnin-plombier-chauffagiste-toulouse-devis-pas-cher\/\" \/>\n<meta property=\"og:site_name\" content=\"WordPress\" \/>\n<meta property=\"article:modified_time\" content=\"2025-08-05T13:10:08+00:00\" \/>\n<meta property=\"og:image\" content=\"https:\/\/eddybonnin-plombierchauffagiste.fr\/wp-content\/uploads\/2024\/09\/EDDY-BONNIN-PLOMBERIE-LOGO-FINAL.png\" \/>\n\t<meta property=\"og:image:width\" content=\"4391\" \/>\n\t<meta property=\"og:image:height\" content=\"1986\" \/>\n\t<meta property=\"og:image:type\" content=\"image\/png\" \/>\n<meta name=\"twitter:card\" content=\"summary_large_image\" \/>\n<meta name=\"twitter:label1\" content=\"Est. reading time\" \/>\n\t<meta name=\"twitter:data1\" content=\"1 minute\" \/>\n<script type=\"application\/ld+json\" class=\"yoast-schema-graph\">{\"@context\":\"https:\/\/schema.org\",\"@graph\":[{\"@type\":\"WebPage\",\"@id\":\"https:\/\/eddybonnin-plombierchauffagiste.fr\/index.php\/eddy-bonnin-plombier-chauffagiste-toulouse-devis-pas-cher\/\",\"url\":\"https:\/\/eddybonnin-plombierchauffagiste.fr\/index.php\/eddy-bonnin-plombier-chauffagiste-toulouse-devis-pas-cher\/\",\"name\":\"Devis Plombier chauffagiste Toulouse pas cher\",\"isPartOf\":{\"@id\":\"https:\/\/eddybonnin-plombierchauffagiste.fr\/#website\"},\"datePublished\":\"2024-09-18T08:05:59+00:00\",\"dateModified\":\"2025-08-05T13:10:08+00:00\",\"description\":\"Devis plombier chauffagiste expert. Installation, r\u00e9paration, d\u00e9pannage et entretien de plomberie. Service rapide et fiable \u00e0 Toulouse.\",\"breadcrumb\":{\"@id\":\"https:\/\/eddybonnin-plombierchauffagiste.fr\/index.php\/eddy-bonnin-plombier-chauffagiste-toulouse-devis-pas-cher\/#breadcrumb\"},\"inLanguage\":\"en-US\",\"potentialAction\":[{\"@type\":\"ReadAction\",\"target\":[\"https:\/\/eddybonnin-plombierchauffagiste.fr\/index.php\/eddy-bonnin-plombier-chauffagiste-toulouse-devis-pas-cher\/\"]}]},{\"@type\":\"BreadcrumbList\",\"@id\":\"https:\/\/eddybonnin-plombierchauffagiste.fr\/index.php\/eddy-bonnin-plombier-chauffagiste-toulouse-devis-pas-cher\/#breadcrumb\",\"itemListElement\":[{\"@type\":\"ListItem\",\"position\":1,\"name\":\"Accueil\",\"item\":\"https:\/\/eddybonnin-plombierchauffagiste.fr\/\"},{\"@type\":\"ListItem\",\"position\":2,\"name\":\"Demander un Devis\"}]},{\"@type\":\"WebSite\",\"@id\":\"https:\/\/eddybonnin-plombierchauffagiste.fr\/#website\",\"url\":\"https:\/\/eddybonnin-plombierchauffagiste.fr\/\",\"name\":\"Eddy Bonnin Plombier Chauffagiste Toulouse\",\"description\":\"Eddy Bonnin plombier chauffagiste expert. Installation, r\u00e9paration, d\u00e9pannage et entretien de plomberie.\",\"publisher\":{\"@id\":\"https:\/\/eddybonnin-plombierchauffagiste.fr\/#\/schema\/person\/6d0c824096476a9346ec4c451d93ae5c\"},\"alternateName\":\"eddybonnin-plombierchauffagiste\",\"potentialAction\":[{\"@type\":\"SearchAction\",\"target\":{\"@type\":\"EntryPoint\",\"urlTemplate\":\"https:\/\/eddybonnin-plombierchauffagiste.fr\/?s={search_term_string}\"},\"query-input\":{\"@type\":\"PropertyValueSpecification\",\"valueRequired\":true,\"valueName\":\"search_term_string\"}}],\"inLanguage\":\"en-US\"},{\"@type\":[\"Person\",\"Organization\"],\"@id\":\"https:\/\/eddybonnin-plombierchauffagiste.fr\/#\/schema\/person\/6d0c824096476a9346ec4c451d93ae5c\",\"name\":\"admin3631\",\"image\":{\"@type\":\"ImageObject\",\"inLanguage\":\"en-US\",\"@id\":\"https:\/\/eddybonnin-plombierchauffagiste.fr\/#\/schema\/person\/image\/\",\"url\":\"https:\/\/eddybonnin-plombierchauffagiste.fr\/wp-content\/uploads\/2024\/09\/EDDY-BONNIN-PLOMBERIE-LOGO-FINAL.png\",\"contentUrl\":\"https:\/\/eddybonnin-plombierchauffagiste.fr\/wp-content\/uploads\/2024\/09\/EDDY-BONNIN-PLOMBERIE-LOGO-FINAL.png\",\"width\":4391,\"height\":1986,\"caption\":\"admin3631\"},\"logo\":{\"@id\":\"https:\/\/eddybonnin-plombierchauffagiste.fr\/#\/schema\/person\/image\/\"},\"sameAs\":[\"http:\/\/eddybonnin-plombierchauffagiste.fr\"]}]}<\/script>\n<!-- \/ Yoast SEO plugin. -->","yoast_head_json":{"title":"Devis Plombier chauffagiste Toulouse pas cher","description":"Devis plombier chauffagiste expert. Installation, r\u00e9paration, d\u00e9pannage et entretien de plomberie. Service rapide et fiable \u00e0 Toulouse.","robots":{"index":"index","follow":"follow","max-snippet":"max-snippet:-1","max-image-preview":"max-image-preview:large","max-video-preview":"max-video-preview:-1"},"canonical":"https:\/\/eddybonnin-plombierchauffagiste.fr\/index.php\/eddy-bonnin-plombier-chauffagiste-toulouse-devis-pas-cher\/","og_locale":"en_US","og_type":"article","og_title":"Devis Plombier chauffagiste Toulouse pas cher","og_description":"Devis plombier chauffagiste expert. Installation, r\u00e9paration, d\u00e9pannage et entretien de plomberie. Service rapide et fiable \u00e0 Toulouse.","og_url":"https:\/\/eddybonnin-plombierchauffagiste.fr\/index.php\/eddy-bonnin-plombier-chauffagiste-toulouse-devis-pas-cher\/","og_site_name":"WordPress","article_modified_time":"2025-08-05T13:10:08+00:00","og_image":[{"width":4391,"height":1986,"url":"https:\/\/eddybonnin-plombierchauffagiste.fr\/wp-content\/uploads\/2024\/09\/EDDY-BONNIN-PLOMBERIE-LOGO-FINAL.png","type":"image\/png"}],"twitter_card":"summary_large_image","twitter_misc":{"Est. reading time":"1 minute"},"schema":{"@context":"https:\/\/schema.org","@graph":[{"@type":"WebPage","@id":"https:\/\/eddybonnin-plombierchauffagiste.fr\/index.php\/eddy-bonnin-plombier-chauffagiste-toulouse-devis-pas-cher\/","url":"https:\/\/eddybonnin-plombierchauffagiste.fr\/index.php\/eddy-bonnin-plombier-chauffagiste-toulouse-devis-pas-cher\/","name":"Devis Plombier chauffagiste Toulouse pas cher","isPartOf":{"@id":"https:\/\/eddybonnin-plombierchauffagiste.fr\/#website"},"datePublished":"2024-09-18T08:05:59+00:00","dateModified":"2025-08-05T13:10:08+00:00","description":"Devis plombier chauffagiste expert. Installation, r\u00e9paration, d\u00e9pannage et entretien de plomberie. Service rapide et fiable \u00e0 Toulouse.","breadcrumb":{"@id":"https:\/\/eddybonnin-plombierchauffagiste.fr\/index.php\/eddy-bonnin-plombier-chauffagiste-toulouse-devis-pas-cher\/#breadcrumb"},"inLanguage":"en-US","potentialAction":[{"@type":"ReadAction","target":["https:\/\/eddybonnin-plombierchauffagiste.fr\/index.php\/eddy-bonnin-plombier-chauffagiste-toulouse-devis-pas-cher\/"]}]},{"@type":"BreadcrumbList","@id":"https:\/\/eddybonnin-plombierchauffagiste.fr\/index.php\/eddy-bonnin-plombier-chauffagiste-toulouse-devis-pas-cher\/#breadcrumb","itemListElement":[{"@type":"ListItem","position":1,"name":"Accueil","item":"https:\/\/eddybonnin-plombierchauffagiste.fr\/"},{"@type":"ListItem","position":2,"name":"Demander un Devis"}]},{"@type":"WebSite","@id":"https:\/\/eddybonnin-plombierchauffagiste.fr\/#website","url":"https:\/\/eddybonnin-plombierchauffagiste.fr\/","name":"Eddy Bonnin Plombier Chauffagiste Toulouse","description":"Eddy Bonnin plombier chauffagiste expert. Installation, r\u00e9paration, d\u00e9pannage et entretien de plomberie.","publisher":{"@id":"https:\/\/eddybonnin-plombierchauffagiste.fr\/#\/schema\/person\/6d0c824096476a9346ec4c451d93ae5c"},"alternateName":"eddybonnin-plombierchauffagiste","potentialAction":[{"@type":"SearchAction","target":{"@type":"EntryPoint","urlTemplate":"https:\/\/eddybonnin-plombierchauffagiste.fr\/?s={search_term_string}"},"query-input":{"@type":"PropertyValueSpecification","valueRequired":true,"valueName":"search_term_string"}}],"inLanguage":"en-US"},{"@type":["Person","Organization"],"@id":"https:\/\/eddybonnin-plombierchauffagiste.fr\/#\/schema\/person\/6d0c824096476a9346ec4c451d93ae5c","name":"admin3631","image":{"@type":"ImageObject","inLanguage":"en-US","@id":"https:\/\/eddybonnin-plombierchauffagiste.fr\/#\/schema\/person\/image\/","url":"https:\/\/eddybonnin-plombierchauffagiste.fr\/wp-content\/uploads\/2024\/09\/EDDY-BONNIN-PLOMBERIE-LOGO-FINAL.png","contentUrl":"https:\/\/eddybonnin-plombierchauffagiste.fr\/wp-content\/uploads\/2024\/09\/EDDY-BONNIN-PLOMBERIE-LOGO-FINAL.png","width":4391,"height":1986,"caption":"admin3631"},"logo":{"@id":"https:\/\/eddybonnin-plombierchauffagiste.fr\/#\/schema\/person\/image\/"},"sameAs":["http:\/\/eddybonnin-plombierchauffagiste.fr"]}]}},"_links":{"self":[{"href":"https:\/\/eddybonnin-plombierchauffagiste.fr\/index.php\/wp-json\/wp\/v2\/pages\/171","targetHints":{"allow":["GET"]}}],"collection":[{"href":"https:\/\/eddybonnin-plombierchauffagiste.fr\/index.php\/wp-json\/wp\/v2\/pages"}],"about":[{"href":"https:\/\/eddybonnin-plombierchauffagiste.fr\/index.php\/wp-json\/wp\/v2\/types\/page"}],"author":[{"embeddable":true,"href":"https:\/\/eddybonnin-plombierchauffagiste.fr\/index.php\/wp-json\/wp\/v2\/users\/1"}],"replies":[{"embeddable":true,"href":"https:\/\/eddybonnin-plombierchauffagiste.fr\/index.php\/wp-json\/wp\/v2\/comments?post=171"}],"version-history":[{"count":35,"href":"https:\/\/eddybonnin-plombierchauffagiste.fr\/index.php\/wp-json\/wp\/v2\/pages\/171\/revisions"}],"predecessor-version":[{"id":354,"href":"https:\/\/eddybonnin-plombierchauffagiste.fr\/index.php\/wp-json\/wp\/v2\/pages\/171\/revisions\/354"}],"wp:attachment":[{"href":"https:\/\/eddybonnin-plombierchauffagiste.fr\/index.php\/wp-json\/wp\/v2\/media?parent=171"}],"curies":[{"name":"wp","href":"https:\/\/api.w.org\/{rel}","templated":true}]}}